{"id":94,"date":"2011-03-01T22:32:43","date_gmt":"2011-03-01T21:32:43","guid":{"rendered":"http:\/\/www.les-meubles-orbelais.com\/?page_id=94"},"modified":"2025-04-07T19:56:51","modified_gmt":"2025-04-07T17:56:51","slug":"tarifs","status":"publish","type":"page","link":"https:\/\/les-meubles-orbelais.com\/index.php\/tarifs\/","title":{"rendered":"Tarifs"},"content":{"rendered":"\n<h2 class=\"wp-block-heading\">Voici ci-dessous les tarifs de nos meubl\u00e9s:<\/h2>\n\n\n\n<figure class=\"wp-block-table\"><table class=\"has-fixed-layout\"><tbody><tr><th>Meubl\u00e9 du village \u00ab\u00a0Au Bord de la Rivi\u00e8re\u00a0\u00bb<\/th><td>350 Euros \/ semaine sans les draps\n<p>370 Euros \/ semaine avec les draps<\/p>\n<\/td><\/tr><tr><th>Meubl\u00e9s RDC &amp; 1er \u00e9tage de la ferme, \u00ab\u00a0Le Chevreuil\u00a0\u00bb et \u00ab\u00a0Le Chamois\u00a0\u00bb<\/th><td>400 Euros \/ semaine sans les draps\n<p>420 Euros \/ semaine avec les draps<\/p>\n<\/td><\/tr><\/tbody><\/table><\/figure>\n\n\n\n<p>De plus, la taxe de s\u00e9jour se monte \u00e0 1,10\u20ac par adulte et par nuit\u00e9e.<br>Elle est gratuite pour les moins de 18 ans.<\/p>\n\n\n\n<h2 class=\"wp-block-heading\">Conditions g\u00e9n\u00e9rales<\/h2>\n\n\n\n<p>Le locataire s&rsquo;engage \u00e0 occuper les lieux paisiblement, \u00e0 les entretenir et les rendre en bon \u00e9tat de propret\u00e9 et de r\u00e9parations locatives, sans modifier la disposition du mobilier, \u00eatre assur\u00e9 contre les risques locatifs et le recours des voisins (multirisque, garantie vill\u00e9giature).<\/p>\n\n\n\n<ul class=\"wp-block-list\">\n<li><strong>DRAPS ET LINGE DE MAISON<\/strong> : disponibles \u00e0 la demande, voir les tarifs <br>ci-dessus.<\/li>\n\n\n\n<li><strong>ENTRETIEN <\/strong>: Le m\u00e9nage de fin de s\u00e9jour est \u00e0 la charge du locataire.<\/li>\n\n\n\n<li><strong>ANIMAUX <\/strong>: Admis apr\u00e8s entente pr\u00e9alable.<\/li>\n\n\n\n<li><strong>REGLEMENT <\/strong>: 100 Euros \u00e0 titre d&rsquo;arrhes \u00e0 la r\u00e9servation, \u00e0 valoir sur le prix total de la location. Le restant d\u00fb devra \u00eatre r\u00e9gl\u00e9 le jour de l&rsquo;arriv\u00e9e avant l&rsquo;occupation du meubl\u00e9.<\/li>\n\n\n\n<li><strong>ANNULATION <\/strong>: Les arrhes resteront acquises au propri\u00e9taire.<\/li>\n\n\n\n<li><strong>PERIODE DE LOCATION<\/strong> : Sauf indication contraire, stipul\u00e9e en toutes lettres dans l&rsquo;engagement, arriv\u00e9e le samedi apr\u00e8s 15 heures, d\u00e9part le samedi avant 10 heures. Afin de ne pas retarder, voire emp\u00eacher l&rsquo;arriv\u00e9e des occupants suivants, il est imp\u00e9ratif de respecter ces horaires. L&rsquo;\u00e9tat des lieux et la restitution des cl\u00e9s devront \u00eatre effectu\u00e9s au plus tard une heure apr\u00e8s la fin de la location.<\/li>\n\n\n\n<li><strong>NOMBRE D&rsquo;OCCUPANTS<\/strong> : Tout d\u00e9passement du nombre d&rsquo;occupants pr\u00e9vus dans l&rsquo;engagement devra faire l&rsquo;objet d&rsquo;un accord pr\u00e9alable, faute de quoi ce contrat serait annul\u00e9 et les arrhes resteraient acquises.<\/li>\n<\/ul>\n\n\n\n<p class=\"has-text-align-center\">&nbsp;<\/p>\n","protected":false},"excerpt":{"rendered":"<p>Voici ci-dessous les tarifs de nos meubl\u00e9s: Meubl\u00e9 du village \u00ab\u00a0Au Bord de la Rivi\u00e8re\u00a0\u00bb 350 Euros \/ semaine sans les draps 370 Euros \/ semaine avec les draps Meubl\u00e9s RDC &amp; 1er \u00e9tage de la ferme, \u00ab\u00a0Le Chevreuil\u00a0\u00bb et \u00ab\u00a0Le Chamois\u00a0\u00bb 400 Euros \/ semaine sans les draps 420 Euros \/ semaine avec les [&hellip;]<\/p>\n","protected":false},"author":2,"featured_media":0,"parent":0,"menu_order":4,"comment_status":"open","ping_status":"closed","template":"","meta":{"footnotes":""},"class_list":["post-94","page","type-page","status-publish","hentry"],"yoast_head":"<!-- This site is optimized with the Yoast SEO plugin v21.9 - https:\/\/yoast.com\/wordpress\/plugins\/seo\/ -->\n<title>Tarifs - Les Meubl\u00e9s Orbelais<\/title>\n<meta name=\"robots\" content=\"index, follow, max-snippet:-1, max-image-preview:large, max-video-preview:-1\" \/>\n<link rel=\"canonical\" href=\"https:\/\/les-meubles-orbelais.com\/index.php\/tarifs\/\" \/>\n<meta property=\"og:locale\" content=\"fr_FR\" \/>\n<meta property=\"og:type\" content=\"article\" \/>\n<meta property=\"og:title\" content=\"Tarifs - Les Meubl\u00e9s Orbelais\" \/>\n<meta property=\"og:description\" content=\"Voici ci-dessous les tarifs de nos meubl\u00e9s: Meubl\u00e9 du village \u00ab\u00a0Au Bord de la Rivi\u00e8re\u00a0\u00bb 350 Euros \/ semaine sans les draps 370 Euros \/ semaine avec les draps Meubl\u00e9s RDC &amp; 1er \u00e9tage de la ferme, \u00ab\u00a0Le Chevreuil\u00a0\u00bb et \u00ab\u00a0Le Chamois\u00a0\u00bb 400 Euros \/ semaine sans les draps 420 Euros \/ semaine avec les [&hellip;]\" \/>\n<meta property=\"og:url\" content=\"https:\/\/les-meubles-orbelais.com\/index.php\/tarifs\/\" \/>\n<meta property=\"og:site_name\" content=\"Les Meubl\u00e9s Orbelais\" \/>\n<meta property=\"article:modified_time\" content=\"2025-04-07T17:56:51+00:00\" \/>\n<meta name=\"twitter:card\" content=\"summary_large_image\" \/>\n<meta name=\"twitter:label1\" content=\"Dur\u00e9e de lecture estim\u00e9e\" \/>\n\t<meta name=\"twitter:data1\" content=\"2 minutes\" \/>\n<script type=\"application\/ld+json\" class=\"yoast-schema-graph\">{\"@context\":\"https:\/\/schema.org\",\"@graph\":[{\"@type\":\"WebPage\",\"@id\":\"https:\/\/les-meubles-orbelais.com\/index.php\/tarifs\/\",\"url\":\"https:\/\/les-meubles-orbelais.com\/index.php\/tarifs\/\",\"name\":\"Tarifs - Les Meubl\u00e9s Orbelais\",\"isPartOf\":{\"@id\":\"https:\/\/les-meubles-orbelais.com\/#website\"},\"datePublished\":\"2011-03-01T21:32:43+00:00\",\"dateModified\":\"2025-04-07T17:56:51+00:00\",\"breadcrumb\":{\"@id\":\"https:\/\/les-meubles-orbelais.com\/index.php\/tarifs\/#breadcrumb\"},\"inLanguage\":\"fr-FR\",\"potentialAction\":[{\"@type\":\"ReadAction\",\"target\":[\"https:\/\/les-meubles-orbelais.com\/index.php\/tarifs\/\"]}]},{\"@type\":\"BreadcrumbList\",\"@id\":\"https:\/\/les-meubles-orbelais.com\/index.php\/tarifs\/#breadcrumb\",\"itemListElement\":[{\"@type\":\"ListItem\",\"position\":1,\"name\":\"Accueil\",\"item\":\"https:\/\/les-meubles-orbelais.com\/\"},{\"@type\":\"ListItem\",\"position\":2,\"name\":\"Tarifs\"}]},{\"@type\":\"WebSite\",\"@id\":\"https:\/\/les-meubles-orbelais.com\/#website\",\"url\":\"https:\/\/les-meubles-orbelais.com\/\",\"name\":\"Les-Meubl\u00e9s-Orbelais\",\"description\":\"Un seul site pour nos trois g\u00eetes orbelais.\",\"potentialAction\":[{\"@type\":\"SearchAction\",\"target\":{\"@type\":\"EntryPoint\",\"urlTemplate\":\"https:\/\/les-meubles-orbelais.com\/?s={search_term_string}\"},\"query-input\":\"required name=search_term_string\"}],\"inLanguage\":\"fr-FR\"}]}<\/script>\n<!-- \/ Yoast SEO plugin. -->","yoast_head_json":{"title":"Tarifs - Les Meubl\u00e9s Orbelais","robots":{"index":"index","follow":"follow","max-snippet":"max-snippet:-1","max-image-preview":"max-image-preview:large","max-video-preview":"max-video-preview:-1"},"canonical":"https:\/\/les-meubles-orbelais.com\/index.php\/tarifs\/","og_locale":"fr_FR","og_type":"article","og_title":"Tarifs - Les Meubl\u00e9s Orbelais","og_description":"Voici ci-dessous les tarifs de nos meubl\u00e9s: Meubl\u00e9 du village \u00ab\u00a0Au Bord de la Rivi\u00e8re\u00a0\u00bb 350 Euros \/ semaine sans les draps 370 Euros \/ semaine avec les draps Meubl\u00e9s RDC &amp; 1er \u00e9tage de la ferme, \u00ab\u00a0Le Chevreuil\u00a0\u00bb et \u00ab\u00a0Le Chamois\u00a0\u00bb 400 Euros \/ semaine sans les draps 420 Euros \/ semaine avec les [&hellip;]","og_url":"https:\/\/les-meubles-orbelais.com\/index.php\/tarifs\/","og_site_name":"Les Meubl\u00e9s Orbelais","article_modified_time":"2025-04-07T17:56:51+00:00","twitter_card":"summary_large_image","twitter_misc":{"Dur\u00e9e de lecture estim\u00e9e":"2 minutes"},"schema":{"@context":"https:\/\/schema.org","@graph":[{"@type":"WebPage","@id":"https:\/\/les-meubles-orbelais.com\/index.php\/tarifs\/","url":"https:\/\/les-meubles-orbelais.com\/index.php\/tarifs\/","name":"Tarifs - Les Meubl\u00e9s Orbelais","isPartOf":{"@id":"https:\/\/les-meubles-orbelais.com\/#website"},"datePublished":"2011-03-01T21:32:43+00:00","dateModified":"2025-04-07T17:56:51+00:00","breadcrumb":{"@id":"https:\/\/les-meubles-orbelais.com\/index.php\/tarifs\/#breadcrumb"},"inLanguage":"fr-FR","potentialAction":[{"@type":"ReadAction","target":["https:\/\/les-meubles-orbelais.com\/index.php\/tarifs\/"]}]},{"@type":"BreadcrumbList","@id":"https:\/\/les-meubles-orbelais.com\/index.php\/tarifs\/#breadcrumb","itemListElement":[{"@type":"ListItem","position":1,"name":"Accueil","item":"https:\/\/les-meubles-orbelais.com\/"},{"@type":"ListItem","position":2,"name":"Tarifs"}]},{"@type":"WebSite","@id":"https:\/\/les-meubles-orbelais.com\/#website","url":"https:\/\/les-meubles-orbelais.com\/","name":"Les-Meubl\u00e9s-Orbelais","description":"Un seul site pour nos trois g\u00eetes orbelais.","potentialAction":[{"@type":"SearchAction","target":{"@type":"EntryPoint","urlTemplate":"https:\/\/les-meubles-orbelais.com\/?s={search_term_string}"},"query-input":"required name=search_term_string"}],"inLanguage":"fr-FR"}]}},"_links":{"self":[{"href":"https:\/\/les-meubles-orbelais.com\/index.php\/wp-json\/wp\/v2\/pages\/94","targetHints":{"allow":["GET"]}}],"collection":[{"href":"https:\/\/les-meubles-orbelais.com\/index.php\/wp-json\/wp\/v2\/pages"}],"about":[{"href":"https:\/\/les-meubles-orbelais.com\/index.php\/wp-json\/wp\/v2\/types\/page"}],"author":[{"embeddable":true,"href":"https:\/\/les-meubles-orbelais.com\/index.php\/wp-json\/wp\/v2\/users\/2"}],"replies":[{"embeddable":true,"href":"https:\/\/les-meubles-orbelais.com\/index.php\/wp-json\/wp\/v2\/comments?post=94"}],"version-history":[{"count":5,"href":"https:\/\/les-meubles-orbelais.com\/index.php\/wp-json\/wp\/v2\/pages\/94\/revisions"}],"predecessor-version":[{"id":766,"href":"https:\/\/les-meubles-orbelais.com\/index.php\/wp-json\/wp\/v2\/pages\/94\/revisions\/766"}],"wp:attachment":[{"href":"https:\/\/les-meubles-orbelais.com\/index.php\/wp-json\/wp\/v2\/media?parent=94"}],"curies":[{"name":"wp","href":"https:\/\/api.w.org\/{rel}","templated":true}]}}