{"id":8,"date":"2011-02-23T11:54:40","date_gmt":"2011-02-23T10:54:40","guid":{"rendered":"http:\/\/www.les-meubles-orbelais.com\/?page_id=4"},"modified":"2024-12-05T18:20:54","modified_gmt":"2024-12-05T17:20:54","slug":"les-meubles-au-village","status":"publish","type":"page","link":"https:\/\/les-meubles-orbelais.com\/index.php\/les-meubles-au-village\/","title":{"rendered":"Au Bord de la Rivi\u00e8re (village)"},"content":{"rendered":"<h2>Pr\u00e9sentation<\/h2>\n<p>Ce meubl\u00e9 se situe au 2\u00e8me \u00e9tage d&rsquo;une maison du 19\u00e8me si\u00e8cle, au coeur du centre ville.<br \/>Il offre un acc\u00e8s direct aux commerces ainsi qu&rsquo;un point de d\u00e9part id\u00e9al pour d\u00e9couvrir la r\u00e9gion.<br \/>Orient\u00e9 c\u00f4t\u00e9 montagne, vous avez une vue directe sur le massif du Lac Blanc et ses alentours.<\/p>\n<p><a title=\"Consulter les disponibilit\u00e9s\" href=\"https:\/\/reservation.kaysersberg.com\/widget-dispos?id=G%7C230000137\" target=\"_blank\" rel=\"noopener\">Consulter les <strong>disponibilit\u00e9s<\/strong><\/a> ou <a title=\"Connaitre les tarifs\" href=\"https:\/\/les-meubles-orbelais.com\/index.php\/tarifs\/\" target=\"_blank\" rel=\"noopener\">conna\u00eetre les <strong>tarifs<\/strong><\/a> de ce meubl\u00e9.<\/p>\n<p>&nbsp;<\/p>\n<h2>Descriptif<\/h2>\n<ul>\n<li>Capacit\u00e9 d\u2019h\u00e9bergement de 5 personnes, 50m\u00b2.<\/li>\n<li>Entr\u00e9e ind\u00e9pendante, cuisine, 2 chambres, salon, salle d\u2019eau et toilettes s\u00e9par\u00e9s.<\/li>\n<li>Chauffage central mixte fioul\/bois.<\/li>\n<li>Lave-linge.<\/li>\n<li>2 lits 1 personne, 1 lit 2 personnes, 1 lit enfant, 1 clic-clac<\/li>\n<li><strong>Draps non fournis<\/strong><\/li>\n<\/ul>\n<h2>Acc\u00e8s<\/h2>\n<p><iframe loading=\"lazy\" style=\"border: 0;\" src=\"https:\/\/www.google.com\/maps\/embed?pb=!1m18!1m12!1m3!1d2663.174045961472!2d7.154512115834293!3d48.126166859934315!2m3!1f0!2f0!3f0!3m2!1i1024!2i768!4f13.1!3m3!1m2!1s0x4793df1b32f9ac6b%3A0xa722bba11e352ebc!2s68+Rue+Charles+de+Gaulle%2C+68370+Orbey!5e0!3m2!1sen!2sfr!4v1552490898010\" width=\"600\" height=\"450\" frameborder=\"0\" allowfullscreen=\"allowfullscreen\"><\/iframe><\/p>\n<h2>Galerie<\/h2>\n\n\n<figure class=\"wp-block-gallery has-nested-images columns-default is-cropped wp-block-gallery-1 is-layout-flex wp-block-gallery-is-layout-flex\">\n<figure class=\"wp-block-image size-full\"><a href=\"https:\/\/les-meubles-orbelais.com\/wp-content\/uploads\/2023\/12\/Salon_2_riviere_Orbey_final.jpg\" target=\"_blank\" rel=\"noopener\"><img loading=\"lazy\" decoding=\"async\" width=\"1920\" height=\"1080\" data-id=\"539\" src=\"https:\/\/les-meubles-orbelais.com\/wp-content\/uploads\/2023\/12\/Salon_2_riviere_Orbey_final.jpg\" alt=\"\" class=\"wp-image-539\" srcset=\"https:\/\/les-meubles-orbelais.com\/wp-content\/uploads\/2023\/12\/Salon_2_riviere_Orbey_final.jpg 1920w, https:\/\/les-meubles-orbelais.com\/wp-content\/uploads\/2023\/12\/Salon_2_riviere_Orbey_final-300x169.jpg 300w, https:\/\/les-meubles-orbelais.com\/wp-content\/uploads\/2023\/12\/Salon_2_riviere_Orbey_final-1024x576.jpg 1024w, https:\/\/les-meubles-orbelais.com\/wp-content\/uploads\/2023\/12\/Salon_2_riviere_Orbey_final-768x432.jpg 768w, https:\/\/les-meubles-orbelais.com\/wp-content\/uploads\/2023\/12\/Salon_2_riviere_Orbey_final-1536x864.jpg 1536w\" sizes=\"auto, (max-width: 1920px) 100vw, 1920px\" \/><\/a><\/figure>\n\n\n\n<figure class=\"wp-block-image size-full\"><a href=\"https:\/\/les-meubles-orbelais.com\/wp-content\/uploads\/2023\/12\/Salon_1_riviere_Orbey_final.jpg\" target=\"_blank\" rel=\"noopener\"><img loading=\"lazy\" decoding=\"async\" width=\"1920\" height=\"1080\" data-id=\"538\" src=\"https:\/\/les-meubles-orbelais.com\/wp-content\/uploads\/2023\/12\/Salon_1_riviere_Orbey_final.jpg\" alt=\"\" class=\"wp-image-538\" srcset=\"https:\/\/les-meubles-orbelais.com\/wp-content\/uploads\/2023\/12\/Salon_1_riviere_Orbey_final.jpg 1920w, https:\/\/les-meubles-orbelais.com\/wp-content\/uploads\/2023\/12\/Salon_1_riviere_Orbey_final-300x169.jpg 300w, https:\/\/les-meubles-orbelais.com\/wp-content\/uploads\/2023\/12\/Salon_1_riviere_Orbey_final-1024x576.jpg 1024w, https:\/\/les-meubles-orbelais.com\/wp-content\/uploads\/2023\/12\/Salon_1_riviere_Orbey_final-768x432.jpg 768w, https:\/\/les-meubles-orbelais.com\/wp-content\/uploads\/2023\/12\/Salon_1_riviere_Orbey_final-1536x864.jpg 1536w\" sizes=\"auto, (max-width: 1920px) 100vw, 1920px\" \/><\/a><\/figure>\n\n\n\n<figure class=\"wp-block-image size-full\"><a href=\"https:\/\/les-meubles-orbelais.com\/wp-content\/uploads\/2023\/12\/Riviere_cuisine-1024x768-1.jpg\" target=\"_blank\" rel=\"noopener\"><img loading=\"lazy\" decoding=\"async\" width=\"1024\" height=\"768\" data-id=\"655\" src=\"https:\/\/les-meubles-orbelais.com\/wp-content\/uploads\/2023\/12\/Riviere_cuisine-1024x768-1.jpg\" alt=\"\" class=\"wp-image-655\" srcset=\"https:\/\/les-meubles-orbelais.com\/wp-content\/uploads\/2023\/12\/Riviere_cuisine-1024x768-1.jpg 1024w, https:\/\/les-meubles-orbelais.com\/wp-content\/uploads\/2023\/12\/Riviere_cuisine-1024x768-1-300x225.jpg 300w, https:\/\/les-meubles-orbelais.com\/wp-content\/uploads\/2023\/12\/Riviere_cuisine-1024x768-1-768x576.jpg 768w\" sizes=\"auto, (max-width: 1024px) 100vw, 1024px\" \/><\/a><\/figure>\n\n\n\n<figure class=\"wp-block-image size-full\"><a href=\"https:\/\/les-meubles-orbelais.com\/wp-content\/uploads\/2023\/12\/meuble-maison-001-400x300-1.jpg\" target=\"_blank\" rel=\"noopener\"><img loading=\"lazy\" decoding=\"async\" width=\"400\" height=\"300\" data-id=\"653\" src=\"https:\/\/les-meubles-orbelais.com\/wp-content\/uploads\/2023\/12\/meuble-maison-001-400x300-1.jpg\" alt=\"\" class=\"wp-image-653\" srcset=\"https:\/\/les-meubles-orbelais.com\/wp-content\/uploads\/2023\/12\/meuble-maison-001-400x300-1.jpg 400w, https:\/\/les-meubles-orbelais.com\/wp-content\/uploads\/2023\/12\/meuble-maison-001-400x300-1-300x225.jpg 300w\" sizes=\"auto, (max-width: 400px) 100vw, 400px\" \/><\/a><\/figure>\n\n\n\n<figure class=\"wp-block-image size-full\"><a href=\"https:\/\/les-meubles-orbelais.com\/wp-content\/uploads\/2023\/12\/chambre-1-photo-1-1024x681-1.jpg\" target=\"_blank\" rel=\"noopener\"><img loading=\"lazy\" decoding=\"async\" width=\"1024\" height=\"681\" data-id=\"682\" src=\"https:\/\/les-meubles-orbelais.com\/wp-content\/uploads\/2023\/12\/chambre-1-photo-1-1024x681-1.jpg\" alt=\"\" class=\"wp-image-682\" srcset=\"https:\/\/les-meubles-orbelais.com\/wp-content\/uploads\/2023\/12\/chambre-1-photo-1-1024x681-1.jpg 1024w, https:\/\/les-meubles-orbelais.com\/wp-content\/uploads\/2023\/12\/chambre-1-photo-1-1024x681-1-300x200.jpg 300w, https:\/\/les-meubles-orbelais.com\/wp-content\/uploads\/2023\/12\/chambre-1-photo-1-1024x681-1-768x511.jpg 768w\" sizes=\"auto, (max-width: 1024px) 100vw, 1024px\" \/><\/a><\/figure>\n\n\n\n<figure class=\"wp-block-image size-full\"><a href=\"https:\/\/les-meubles-orbelais.com\/wp-content\/uploads\/2023\/12\/chambre-1-photo-2-1024x681-1.jpg\" target=\"_blank\" rel=\"noopener\"><img loading=\"lazy\" decoding=\"async\" width=\"1024\" height=\"681\" data-id=\"680\" src=\"https:\/\/les-meubles-orbelais.com\/wp-content\/uploads\/2023\/12\/chambre-1-photo-2-1024x681-1.jpg\" alt=\"\" class=\"wp-image-680\" srcset=\"https:\/\/les-meubles-orbelais.com\/wp-content\/uploads\/2023\/12\/chambre-1-photo-2-1024x681-1.jpg 1024w, https:\/\/les-meubles-orbelais.com\/wp-content\/uploads\/2023\/12\/chambre-1-photo-2-1024x681-1-300x200.jpg 300w, https:\/\/les-meubles-orbelais.com\/wp-content\/uploads\/2023\/12\/chambre-1-photo-2-1024x681-1-768x511.jpg 768w\" sizes=\"auto, (max-width: 1024px) 100vw, 1024px\" \/><\/a><\/figure>\n\n\n\n<figure class=\"wp-block-image size-full\"><a href=\"https:\/\/les-meubles-orbelais.com\/wp-content\/uploads\/2023\/12\/chambre-1-photo-3-1024x681-1.jpg\" target=\"_blank\" rel=\"noopener\"><img loading=\"lazy\" decoding=\"async\" width=\"1024\" height=\"681\" data-id=\"681\" src=\"https:\/\/les-meubles-orbelais.com\/wp-content\/uploads\/2023\/12\/chambre-1-photo-3-1024x681-1.jpg\" alt=\"\" class=\"wp-image-681\" srcset=\"https:\/\/les-meubles-orbelais.com\/wp-content\/uploads\/2023\/12\/chambre-1-photo-3-1024x681-1.jpg 1024w, https:\/\/les-meubles-orbelais.com\/wp-content\/uploads\/2023\/12\/chambre-1-photo-3-1024x681-1-300x200.jpg 300w, https:\/\/les-meubles-orbelais.com\/wp-content\/uploads\/2023\/12\/chambre-1-photo-3-1024x681-1-768x511.jpg 768w\" sizes=\"auto, (max-width: 1024px) 100vw, 1024px\" \/><\/a><\/figure>\n\n\n\n<figure class=\"wp-block-image size-full\"><a href=\"https:\/\/les-meubles-orbelais.com\/wp-content\/uploads\/2023\/12\/Riviere_chambre-2-photo-2.jpg\" target=\"_blank\" rel=\"noopener\"><img loading=\"lazy\" decoding=\"async\" width=\"1024\" height=\"768\" data-id=\"677\" src=\"https:\/\/les-meubles-orbelais.com\/wp-content\/uploads\/2023\/12\/Riviere_chambre-2-photo-2.jpg\" alt=\"\" class=\"wp-image-677\" srcset=\"https:\/\/les-meubles-orbelais.com\/wp-content\/uploads\/2023\/12\/Riviere_chambre-2-photo-2.jpg 1024w, https:\/\/les-meubles-orbelais.com\/wp-content\/uploads\/2023\/12\/Riviere_chambre-2-photo-2-300x225.jpg 300w, https:\/\/les-meubles-orbelais.com\/wp-content\/uploads\/2023\/12\/Riviere_chambre-2-photo-2-768x576.jpg 768w\" sizes=\"auto, (max-width: 1024px) 100vw, 1024px\" \/><\/a><\/figure>\n\n\n\n<figure class=\"wp-block-image size-full\"><a href=\"https:\/\/les-meubles-orbelais.com\/wp-content\/uploads\/2023\/12\/Riviere_chambre-2-photo-1.jpg\" target=\"_blank\" rel=\"noopener\"><img loading=\"lazy\" decoding=\"async\" width=\"1024\" height=\"768\" data-id=\"676\" src=\"https:\/\/les-meubles-orbelais.com\/wp-content\/uploads\/2023\/12\/Riviere_chambre-2-photo-1.jpg\" alt=\"\" class=\"wp-image-676\" srcset=\"https:\/\/les-meubles-orbelais.com\/wp-content\/uploads\/2023\/12\/Riviere_chambre-2-photo-1.jpg 1024w, https:\/\/les-meubles-orbelais.com\/wp-content\/uploads\/2023\/12\/Riviere_chambre-2-photo-1-300x225.jpg 300w, https:\/\/les-meubles-orbelais.com\/wp-content\/uploads\/2023\/12\/Riviere_chambre-2-photo-1-768x576.jpg 768w\" sizes=\"auto, (max-width: 1024px) 100vw, 1024px\" \/><\/a><\/figure>\n\n\n\n<figure class=\"wp-block-image size-full\"><a href=\"https:\/\/les-meubles-orbelais.com\/wp-content\/uploads\/2023\/12\/SdB-Riviere.jpg\" target=\"_blank\" rel=\"noopener\"><img loading=\"lazy\" decoding=\"async\" width=\"768\" height=\"1024\" data-id=\"645\" src=\"https:\/\/les-meubles-orbelais.com\/wp-content\/uploads\/2023\/12\/SdB-Riviere.jpg\" alt=\"\" class=\"wp-image-645\" srcset=\"https:\/\/les-meubles-orbelais.com\/wp-content\/uploads\/2023\/12\/SdB-Riviere.jpg 768w, https:\/\/les-meubles-orbelais.com\/wp-content\/uploads\/2023\/12\/SdB-Riviere-225x300.jpg 225w\" sizes=\"auto, (max-width: 768px) 100vw, 768px\" \/><\/a><\/figure>\n\n\n\n<figure class=\"wp-block-image size-full\"><a href=\"https:\/\/les-meubles-orbelais.com\/wp-content\/uploads\/2023\/12\/Exterieur-Maison-5.jpg\" target=\"_blank\" rel=\"noopener\"><img loading=\"lazy\" decoding=\"async\" width=\"1024\" height=\"768\" data-id=\"650\" src=\"https:\/\/les-meubles-orbelais.com\/wp-content\/uploads\/2023\/12\/Exterieur-Maison-5.jpg\" alt=\"\" class=\"wp-image-650\" srcset=\"https:\/\/les-meubles-orbelais.com\/wp-content\/uploads\/2023\/12\/Exterieur-Maison-5.jpg 1024w, https:\/\/les-meubles-orbelais.com\/wp-content\/uploads\/2023\/12\/Exterieur-Maison-5-300x225.jpg 300w, https:\/\/les-meubles-orbelais.com\/wp-content\/uploads\/2023\/12\/Exterieur-Maison-5-768x576.jpg 768w\" sizes=\"auto, (max-width: 1024px) 100vw, 1024px\" \/><\/a><\/figure>\n\n\n\n<figure class=\"wp-block-image size-full\"><a href=\"https:\/\/les-meubles-orbelais.com\/wp-content\/uploads\/2023\/12\/Exterieur-maison-2-1.jpg\" target=\"_blank\" rel=\"noopener\"><img loading=\"lazy\" decoding=\"async\" width=\"400\" height=\"313\" data-id=\"647\" src=\"https:\/\/les-meubles-orbelais.com\/wp-content\/uploads\/2023\/12\/Exterieur-maison-2-1.jpg\" alt=\"\" class=\"wp-image-647\" srcset=\"https:\/\/les-meubles-orbelais.com\/wp-content\/uploads\/2023\/12\/Exterieur-maison-2-1.jpg 400w, https:\/\/les-meubles-orbelais.com\/wp-content\/uploads\/2023\/12\/Exterieur-maison-2-1-300x235.jpg 300w\" sizes=\"auto, (max-width: 400px) 100vw, 400px\" \/><\/a><\/figure>\n\n\n\n<figure class=\"wp-block-image size-full\"><a href=\"https:\/\/les-meubles-orbelais.com\/wp-content\/uploads\/2023\/12\/Exterieur-maison-3-1.jpg\" target=\"_blank\" rel=\"noopener\"><img loading=\"lazy\" decoding=\"async\" width=\"1024\" height=\"768\" data-id=\"648\" src=\"https:\/\/les-meubles-orbelais.com\/wp-content\/uploads\/2023\/12\/Exterieur-maison-3-1.jpg\" alt=\"\" class=\"wp-image-648\" srcset=\"https:\/\/les-meubles-orbelais.com\/wp-content\/uploads\/2023\/12\/Exterieur-maison-3-1.jpg 1024w, https:\/\/les-meubles-orbelais.com\/wp-content\/uploads\/2023\/12\/Exterieur-maison-3-1-300x225.jpg 300w, https:\/\/les-meubles-orbelais.com\/wp-content\/uploads\/2023\/12\/Exterieur-maison-3-1-768x576.jpg 768w\" sizes=\"auto, (max-width: 1024px) 100vw, 1024px\" \/><\/a><\/figure>\n\n\n\n<figure class=\"wp-block-image size-full\"><a href=\"http:\/\/les-meubles-orbelais.com\/wp-content\/uploads\/2024\/12\/Exterieur-Maison_6_final.jpg\" target=\"_blank\" rel=\"noopener\"><img loading=\"lazy\" decoding=\"async\" width=\"1920\" height=\"1440\" data-id=\"752\" src=\"http:\/\/les-meubles-orbelais.com\/wp-content\/uploads\/2024\/12\/Exterieur-Maison_6_final.jpg\" alt=\"Statues au bord de la rivi\u00e8re.\" class=\"wp-image-752\" srcset=\"https:\/\/les-meubles-orbelais.com\/wp-content\/uploads\/2024\/12\/Exterieur-Maison_6_final.jpg 1920w, https:\/\/les-meubles-orbelais.com\/wp-content\/uploads\/2024\/12\/Exterieur-Maison_6_final-300x225.jpg 300w, https:\/\/les-meubles-orbelais.com\/wp-content\/uploads\/2024\/12\/Exterieur-Maison_6_final-1024x768.jpg 1024w, https:\/\/les-meubles-orbelais.com\/wp-content\/uploads\/2024\/12\/Exterieur-Maison_6_final-768x576.jpg 768w, https:\/\/les-meubles-orbelais.com\/wp-content\/uploads\/2024\/12\/Exterieur-Maison_6_final-1536x1152.jpg 1536w\" sizes=\"auto, (max-width: 1920px) 100vw, 1920px\" \/><\/a><figcaption class=\"wp-element-caption\">Statues au bord de la rivi\u00e8re.<\/figcaption><\/figure>\n<\/figure>\n","protected":false},"excerpt":{"rendered":"<p>Pr\u00e9sentation Ce meubl\u00e9 se situe au 2\u00e8me \u00e9tage d&rsquo;une maison du 19\u00e8me si\u00e8cle, au coeur du centre ville.Il offre un acc\u00e8s direct aux commerces ainsi qu&rsquo;un point de d\u00e9part id\u00e9al pour d\u00e9couvrir la r\u00e9gion.Orient\u00e9 c\u00f4t\u00e9 montagne, vous avez une vue directe sur le massif du Lac Blanc et ses alentours. Consulter les disponibilit\u00e9s ou conna\u00eetre [&hellip;]<\/p>\n","protected":false},"author":2,"featured_media":0,"parent":0,"menu_order":1,"comment_status":"closed","ping_status":"closed","template":"","meta":{"footnotes":""},"class_list":["post-8","page","type-page","status-publish","hentry"],"yoast_head":"<!-- This site is optimized with the Yoast SEO plugin v21.9 - https:\/\/yoast.com\/wordpress\/plugins\/seo\/ -->\n<title>Au Bord de la Rivi\u00e8re (village) - Les Meubl\u00e9s Orbelais<\/title>\n<meta name=\"robots\" content=\"index, follow, max-snippet:-1, max-image-preview:large, max-video-preview:-1\" \/>\n<link rel=\"canonical\" href=\"https:\/\/les-meubles-orbelais.com\/index.php\/les-meubles-au-village\/\" \/>\n<meta property=\"og:locale\" content=\"fr_FR\" \/>\n<meta property=\"og:type\" content=\"article\" \/>\n<meta property=\"og:title\" content=\"Au Bord de la Rivi\u00e8re (village) - Les Meubl\u00e9s Orbelais\" \/>\n<meta property=\"og:description\" content=\"Pr\u00e9sentation Ce meubl\u00e9 se situe au 2\u00e8me \u00e9tage d&rsquo;une maison du 19\u00e8me si\u00e8cle, au coeur du centre ville.Il offre un acc\u00e8s direct aux commerces ainsi qu&rsquo;un point de d\u00e9part id\u00e9al pour d\u00e9couvrir la r\u00e9gion.Orient\u00e9 c\u00f4t\u00e9 montagne, vous avez une vue directe sur le massif du Lac Blanc et ses alentours. Consulter les disponibilit\u00e9s ou conna\u00eetre [&hellip;]\" \/>\n<meta property=\"og:url\" content=\"https:\/\/les-meubles-orbelais.com\/index.php\/les-meubles-au-village\/\" \/>\n<meta property=\"og:site_name\" content=\"Les Meubl\u00e9s Orbelais\" \/>\n<meta property=\"article:modified_time\" content=\"2024-12-05T17:20:54+00:00\" \/>\n<meta property=\"og:image\" content=\"https:\/\/les-meubles-orbelais.com\/wp-content\/uploads\/2023\/12\/Salon_2_riviere_Orbey_final.jpg\" \/>\n<meta name=\"twitter:card\" content=\"summary_large_image\" \/>\n<meta name=\"twitter:label1\" content=\"Dur\u00e9e de lecture estim\u00e9e\" \/>\n\t<meta name=\"twitter:data1\" content=\"4 minutes\" \/>\n<script type=\"application\/ld+json\" class=\"yoast-schema-graph\">{\"@context\":\"https:\/\/schema.org\",\"@graph\":[{\"@type\":\"WebPage\",\"@id\":\"https:\/\/les-meubles-orbelais.com\/index.php\/les-meubles-au-village\/\",\"url\":\"https:\/\/les-meubles-orbelais.com\/index.php\/les-meubles-au-village\/\",\"name\":\"Au Bord de la Rivi\u00e8re (village) - Les Meubl\u00e9s Orbelais\",\"isPartOf\":{\"@id\":\"https:\/\/les-meubles-orbelais.com\/#website\"},\"datePublished\":\"2011-02-23T10:54:40+00:00\",\"dateModified\":\"2024-12-05T17:20:54+00:00\",\"breadcrumb\":{\"@id\":\"https:\/\/les-meubles-orbelais.com\/index.php\/les-meubles-au-village\/#breadcrumb\"},\"inLanguage\":\"fr-FR\",\"potentialAction\":[{\"@type\":\"ReadAction\",\"target\":[\"https:\/\/les-meubles-orbelais.com\/index.php\/les-meubles-au-village\/\"]}]},{\"@type\":\"BreadcrumbList\",\"@id\":\"https:\/\/les-meubles-orbelais.com\/index.php\/les-meubles-au-village\/#breadcrumb\",\"itemListElement\":[{\"@type\":\"ListItem\",\"position\":1,\"name\":\"Accueil\",\"item\":\"https:\/\/les-meubles-orbelais.com\/\"},{\"@type\":\"ListItem\",\"position\":2,\"name\":\"Au Bord de la Rivi\u00e8re (village)\"}]},{\"@type\":\"WebSite\",\"@id\":\"https:\/\/les-meubles-orbelais.com\/#website\",\"url\":\"https:\/\/les-meubles-orbelais.com\/\",\"name\":\"Les-Meubl\u00e9s-Orbelais\",\"description\":\"Un seul site pour nos trois g\u00eetes orbelais.\",\"potentialAction\":[{\"@type\":\"SearchAction\",\"target\":{\"@type\":\"EntryPoint\",\"urlTemplate\":\"https:\/\/les-meubles-orbelais.com\/?s={search_term_string}\"},\"query-input\":\"required name=search_term_string\"}],\"inLanguage\":\"fr-FR\"}]}<\/script>\n<!-- \/ Yoast SEO plugin. -->","yoast_head_json":{"title":"Au Bord de la Rivi\u00e8re (village) - Les Meubl\u00e9s Orbelais","robots":{"index":"index","follow":"follow","max-snippet":"max-snippet:-1","max-image-preview":"max-image-preview:large","max-video-preview":"max-video-preview:-1"},"canonical":"https:\/\/les-meubles-orbelais.com\/index.php\/les-meubles-au-village\/","og_locale":"fr_FR","og_type":"article","og_title":"Au Bord de la Rivi\u00e8re (village) - Les Meubl\u00e9s Orbelais","og_description":"Pr\u00e9sentation Ce meubl\u00e9 se situe au 2\u00e8me \u00e9tage d&rsquo;une maison du 19\u00e8me si\u00e8cle, au coeur du centre ville.Il offre un acc\u00e8s direct aux commerces ainsi qu&rsquo;un point de d\u00e9part id\u00e9al pour d\u00e9couvrir la r\u00e9gion.Orient\u00e9 c\u00f4t\u00e9 montagne, vous avez une vue directe sur le massif du Lac Blanc et ses alentours. Consulter les disponibilit\u00e9s ou conna\u00eetre [&hellip;]","og_url":"https:\/\/les-meubles-orbelais.com\/index.php\/les-meubles-au-village\/","og_site_name":"Les Meubl\u00e9s Orbelais","article_modified_time":"2024-12-05T17:20:54+00:00","og_image":[{"url":"https:\/\/les-meubles-orbelais.com\/wp-content\/uploads\/2023\/12\/Salon_2_riviere_Orbey_final.jpg"}],"twitter_card":"summary_large_image","twitter_misc":{"Dur\u00e9e de lecture estim\u00e9e":"4 minutes"},"schema":{"@context":"https:\/\/schema.org","@graph":[{"@type":"WebPage","@id":"https:\/\/les-meubles-orbelais.com\/index.php\/les-meubles-au-village\/","url":"https:\/\/les-meubles-orbelais.com\/index.php\/les-meubles-au-village\/","name":"Au Bord de la Rivi\u00e8re (village) - Les Meubl\u00e9s Orbelais","isPartOf":{"@id":"https:\/\/les-meubles-orbelais.com\/#website"},"datePublished":"2011-02-23T10:54:40+00:00","dateModified":"2024-12-05T17:20:54+00:00","breadcrumb":{"@id":"https:\/\/les-meubles-orbelais.com\/index.php\/les-meubles-au-village\/#breadcrumb"},"inLanguage":"fr-FR","potentialAction":[{"@type":"ReadAction","target":["https:\/\/les-meubles-orbelais.com\/index.php\/les-meubles-au-village\/"]}]},{"@type":"BreadcrumbList","@id":"https:\/\/les-meubles-orbelais.com\/index.php\/les-meubles-au-village\/#breadcrumb","itemListElement":[{"@type":"ListItem","position":1,"name":"Accueil","item":"https:\/\/les-meubles-orbelais.com\/"},{"@type":"ListItem","position":2,"name":"Au Bord de la Rivi\u00e8re (village)"}]},{"@type":"WebSite","@id":"https:\/\/les-meubles-orbelais.com\/#website","url":"https:\/\/les-meubles-orbelais.com\/","name":"Les-Meubl\u00e9s-Orbelais","description":"Un seul site pour nos trois g\u00eetes orbelais.","potentialAction":[{"@type":"SearchAction","target":{"@type":"EntryPoint","urlTemplate":"https:\/\/les-meubles-orbelais.com\/?s={search_term_string}"},"query-input":"required name=search_term_string"}],"inLanguage":"fr-FR"}]}},"_links":{"self":[{"href":"https:\/\/les-meubles-orbelais.com\/index.php\/wp-json\/wp\/v2\/pages\/8","targetHints":{"allow":["GET"]}}],"collection":[{"href":"https:\/\/les-meubles-orbelais.com\/index.php\/wp-json\/wp\/v2\/pages"}],"about":[{"href":"https:\/\/les-meubles-orbelais.com\/index.php\/wp-json\/wp\/v2\/types\/page"}],"author":[{"embeddable":true,"href":"https:\/\/les-meubles-orbelais.com\/index.php\/wp-json\/wp\/v2\/users\/2"}],"replies":[{"embeddable":true,"href":"https:\/\/les-meubles-orbelais.com\/index.php\/wp-json\/wp\/v2\/comments?post=8"}],"version-history":[{"count":7,"href":"https:\/\/les-meubles-orbelais.com\/index.php\/wp-json\/wp\/v2\/pages\/8\/revisions"}],"predecessor-version":[{"id":754,"href":"https:\/\/les-meubles-orbelais.com\/index.php\/wp-json\/wp\/v2\/pages\/8\/revisions\/754"}],"wp:attachment":[{"href":"https:\/\/les-meubles-orbelais.com\/index.php\/wp-json\/wp\/v2\/media?parent=8"}],"curies":[{"name":"wp","href":"https:\/\/api.w.org\/{rel}","templated":true}]}}