{"id":15,"date":"2011-02-23T21:22:42","date_gmt":"2011-02-23T20:22:42","guid":{"rendered":"http:\/\/www.les-meubles-orbelais.com\/?page_id=15"},"modified":"2023-12-11T01:11:22","modified_gmt":"2023-12-11T00:11:22","slug":"disponibilites","status":"publish","type":"page","link":"https:\/\/les-meubles-orbelais.com\/index.php\/disponibilites\/","title":{"rendered":"Disponibilit\u00e9s"},"content":{"rendered":"<p>Pour consulter le calendrier des r\u00e9servations, merci de cliquer sur les liens suivants:<\/p>\n<ul class=\"reservations\">\n<li><a href=\"http:\/\/apps.tourisme-alsace.info\/dispos\/pub\/disposannu.asp?inclu=Y&amp;produit=230104816&amp;consult=a5a5a5&amp;libre=abc638&amp;complet=cc4a4a&amp;fermer=000000&amp;dispt1=20&amp;dispt2=4000&amp;legende=Y&amp;nbmois=6&amp;jdeb=lun&amp;langue=0&amp;incluM=Y&amp;scroll=Y&amp;scrollColor=000000\">Le meubl\u00e9 au village \u00ab\u00a0La Rivi\u00e8re\u00a0\u00bb<\/a><\/li>\n<li><a href=\"http:\/\/apps.tourisme-alsace.info\/dispos\/pub\/disposannu.asp?inclu=Y&amp;produit=230103937&amp;consult=a5a5a5&amp;libre=abc638&amp;complet=cc4a4a&amp;fermer=000000&amp;dispt1=20&amp;dispt2=4000&amp;legende=Y&amp;nbmois=6&amp;jdeb=lun&amp;langue=0&amp;incluM=Y&amp;scroll=Y&amp;scrollColor=000000\">La ferme rez de chauss\u00e9e \u00ab\u00a0Le Chamois\u00a0\u00bb<\/a><\/li>\n<li><a href=\"http:\/\/apps.tourisme-alsace.info\/dispos\/pub\/disposannu.asp?inclu=Y&amp;produit=230100170&amp;consult=a5a5a5&amp;libre=abc638&amp;complet=cc4a4a&amp;fermer=000000&amp;dispt1=20&amp;dispt2=4000&amp;legende=Y&amp;nbmois=6&amp;jdeb=lun&amp;langue=0&amp;incluM=Y&amp;scroll=Y&amp;scrollColor=000000\">La ferme 1er \u00e9tage \u00ab\u00a0Le Chevreuil\u00a0\u00bb<\/a><\/li>\n<\/ul>\n<p>Les disponibilit\u00e9s affich\u00e9es sont sous r\u00e9serve de mise \u00e0 jour du serveur, pour plus de s\u00e9curit\u00e9, <a href=\"\/?page_id=17\">contactez-nous&#8230;<\/a><\/p>\n","protected":false},"excerpt":{"rendered":"<p>Pour consulter le calendrier des r\u00e9servations, merci de cliquer sur les liens suivants: Le meubl\u00e9 au village \u00ab\u00a0La Rivi\u00e8re\u00a0\u00bb La ferme rez de chauss\u00e9e \u00ab\u00a0Le Chamois\u00a0\u00bb La ferme 1er \u00e9tage \u00ab\u00a0Le Chevreuil\u00a0\u00bb Les disponibilit\u00e9s affich\u00e9es sont sous r\u00e9serve de mise \u00e0 jour du serveur, pour plus de s\u00e9curit\u00e9, contactez-nous&#8230;<\/p>\n","protected":false},"author":2,"featured_media":0,"parent":0,"menu_order":3,"comment_status":"open","ping_status":"closed","template":"","meta":{"footnotes":""},"class_list":["post-15","page","type-page","status-publish","hentry"],"yoast_head":"<!-- This site is optimized with the Yoast SEO plugin v21.9 - https:\/\/yoast.com\/wordpress\/plugins\/seo\/ -->\n<title>Disponibilit\u00e9s - Les Meubl\u00e9s Orbelais<\/title>\n<meta name=\"robots\" content=\"index, follow, max-snippet:-1, max-image-preview:large, max-video-preview:-1\" \/>\n<link rel=\"canonical\" href=\"https:\/\/les-meubles-orbelais.com\/index.php\/disponibilites\/\" \/>\n<meta property=\"og:locale\" content=\"fr_FR\" \/>\n<meta property=\"og:type\" content=\"article\" \/>\n<meta property=\"og:title\" content=\"Disponibilit\u00e9s - Les Meubl\u00e9s Orbelais\" \/>\n<meta property=\"og:description\" content=\"Pour consulter le calendrier des r\u00e9servations, merci de cliquer sur les liens suivants: Le meubl\u00e9 au village \u00ab\u00a0La Rivi\u00e8re\u00a0\u00bb La ferme rez de chauss\u00e9e \u00ab\u00a0Le Chamois\u00a0\u00bb La ferme 1er \u00e9tage \u00ab\u00a0Le Chevreuil\u00a0\u00bb Les disponibilit\u00e9s affich\u00e9es sont sous r\u00e9serve de mise \u00e0 jour du serveur, pour plus de s\u00e9curit\u00e9, contactez-nous&#8230;\" \/>\n<meta property=\"og:url\" content=\"https:\/\/les-meubles-orbelais.com\/index.php\/disponibilites\/\" \/>\n<meta property=\"og:site_name\" content=\"Les Meubl\u00e9s Orbelais\" \/>\n<meta property=\"article:modified_time\" content=\"2023-12-11T00:11:22+00:00\" \/>\n<meta name=\"twitter:card\" content=\"summary_large_image\" \/>\n<script type=\"application\/ld+json\" class=\"yoast-schema-graph\">{\"@context\":\"https:\/\/schema.org\",\"@graph\":[{\"@type\":\"WebPage\",\"@id\":\"https:\/\/les-meubles-orbelais.com\/index.php\/disponibilites\/\",\"url\":\"https:\/\/les-meubles-orbelais.com\/index.php\/disponibilites\/\",\"name\":\"Disponibilit\u00e9s - Les Meubl\u00e9s Orbelais\",\"isPartOf\":{\"@id\":\"https:\/\/les-meubles-orbelais.com\/#website\"},\"datePublished\":\"2011-02-23T20:22:42+00:00\",\"dateModified\":\"2023-12-11T00:11:22+00:00\",\"breadcrumb\":{\"@id\":\"https:\/\/les-meubles-orbelais.com\/index.php\/disponibilites\/#breadcrumb\"},\"inLanguage\":\"fr-FR\",\"potentialAction\":[{\"@type\":\"ReadAction\",\"target\":[\"https:\/\/les-meubles-orbelais.com\/index.php\/disponibilites\/\"]}]},{\"@type\":\"BreadcrumbList\",\"@id\":\"https:\/\/les-meubles-orbelais.com\/index.php\/disponibilites\/#breadcrumb\",\"itemListElement\":[{\"@type\":\"ListItem\",\"position\":1,\"name\":\"Accueil\",\"item\":\"https:\/\/les-meubles-orbelais.com\/\"},{\"@type\":\"ListItem\",\"position\":2,\"name\":\"Disponibilit\u00e9s\"}]},{\"@type\":\"WebSite\",\"@id\":\"https:\/\/les-meubles-orbelais.com\/#website\",\"url\":\"https:\/\/les-meubles-orbelais.com\/\",\"name\":\"Les-Meubl\u00e9s-Orbelais\",\"description\":\"Un seul site pour nos trois g\u00eetes orbelais.\",\"potentialAction\":[{\"@type\":\"SearchAction\",\"target\":{\"@type\":\"EntryPoint\",\"urlTemplate\":\"https:\/\/les-meubles-orbelais.com\/?s={search_term_string}\"},\"query-input\":\"required name=search_term_string\"}],\"inLanguage\":\"fr-FR\"}]}<\/script>\n<!-- \/ Yoast SEO plugin. -->","yoast_head_json":{"title":"Disponibilit\u00e9s - Les Meubl\u00e9s Orbelais","robots":{"index":"index","follow":"follow","max-snippet":"max-snippet:-1","max-image-preview":"max-image-preview:large","max-video-preview":"max-video-preview:-1"},"canonical":"https:\/\/les-meubles-orbelais.com\/index.php\/disponibilites\/","og_locale":"fr_FR","og_type":"article","og_title":"Disponibilit\u00e9s - Les Meubl\u00e9s Orbelais","og_description":"Pour consulter le calendrier des r\u00e9servations, merci de cliquer sur les liens suivants: Le meubl\u00e9 au village \u00ab\u00a0La Rivi\u00e8re\u00a0\u00bb La ferme rez de chauss\u00e9e \u00ab\u00a0Le Chamois\u00a0\u00bb La ferme 1er \u00e9tage \u00ab\u00a0Le Chevreuil\u00a0\u00bb Les disponibilit\u00e9s affich\u00e9es sont sous r\u00e9serve de mise \u00e0 jour du serveur, pour plus de s\u00e9curit\u00e9, contactez-nous&#8230;","og_url":"https:\/\/les-meubles-orbelais.com\/index.php\/disponibilites\/","og_site_name":"Les Meubl\u00e9s Orbelais","article_modified_time":"2023-12-11T00:11:22+00:00","twitter_card":"summary_large_image","schema":{"@context":"https:\/\/schema.org","@graph":[{"@type":"WebPage","@id":"https:\/\/les-meubles-orbelais.com\/index.php\/disponibilites\/","url":"https:\/\/les-meubles-orbelais.com\/index.php\/disponibilites\/","name":"Disponibilit\u00e9s - Les Meubl\u00e9s Orbelais","isPartOf":{"@id":"https:\/\/les-meubles-orbelais.com\/#website"},"datePublished":"2011-02-23T20:22:42+00:00","dateModified":"2023-12-11T00:11:22+00:00","breadcrumb":{"@id":"https:\/\/les-meubles-orbelais.com\/index.php\/disponibilites\/#breadcrumb"},"inLanguage":"fr-FR","potentialAction":[{"@type":"ReadAction","target":["https:\/\/les-meubles-orbelais.com\/index.php\/disponibilites\/"]}]},{"@type":"BreadcrumbList","@id":"https:\/\/les-meubles-orbelais.com\/index.php\/disponibilites\/#breadcrumb","itemListElement":[{"@type":"ListItem","position":1,"name":"Accueil","item":"https:\/\/les-meubles-orbelais.com\/"},{"@type":"ListItem","position":2,"name":"Disponibilit\u00e9s"}]},{"@type":"WebSite","@id":"https:\/\/les-meubles-orbelais.com\/#website","url":"https:\/\/les-meubles-orbelais.com\/","name":"Les-Meubl\u00e9s-Orbelais","description":"Un seul site pour nos trois g\u00eetes orbelais.","potentialAction":[{"@type":"SearchAction","target":{"@type":"EntryPoint","urlTemplate":"https:\/\/les-meubles-orbelais.com\/?s={search_term_string}"},"query-input":"required name=search_term_string"}],"inLanguage":"fr-FR"}]}},"_links":{"self":[{"href":"https:\/\/les-meubles-orbelais.com\/index.php\/wp-json\/wp\/v2\/pages\/15","targetHints":{"allow":["GET"]}}],"collection":[{"href":"https:\/\/les-meubles-orbelais.com\/index.php\/wp-json\/wp\/v2\/pages"}],"about":[{"href":"https:\/\/les-meubles-orbelais.com\/index.php\/wp-json\/wp\/v2\/types\/page"}],"author":[{"embeddable":true,"href":"https:\/\/les-meubles-orbelais.com\/index.php\/wp-json\/wp\/v2\/users\/2"}],"replies":[{"embeddable":true,"href":"https:\/\/les-meubles-orbelais.com\/index.php\/wp-json\/wp\/v2\/comments?post=15"}],"version-history":[{"count":3,"href":"https:\/\/les-meubles-orbelais.com\/index.php\/wp-json\/wp\/v2\/pages\/15\/revisions"}],"predecessor-version":[{"id":595,"href":"https:\/\/les-meubles-orbelais.com\/index.php\/wp-json\/wp\/v2\/pages\/15\/revisions\/595"}],"wp:attachment":[{"href":"https:\/\/les-meubles-orbelais.com\/index.php\/wp-json\/wp\/v2\/media?parent=15"}],"curies":[{"name":"wp","href":"https:\/\/api.w.org\/{rel}","templated":true}]}}