{"id":11,"date":"2011-02-23T12:04:51","date_gmt":"2011-02-23T11:04:51","guid":{"rendered":"http:\/\/www.les-meubles-orbelais.com\/?page_id=11"},"modified":"2023-12-12T16:59:23","modified_gmt":"2023-12-12T15:59:23","slug":"les-meubles-a-la-ferme","status":"publish","type":"page","link":"https:\/\/les-meubles-orbelais.com\/index.php\/les-meubles-a-la-ferme\/","title":{"rendered":"Les meubl\u00e9s de la ferme"},"content":{"rendered":"<h2><span style=\"font-weight: normal;\">Pr\u00e9sentation<\/span><\/h2>\n<ul>\n<li>Meubl\u00e9 \u00ab\u00a0Le Chamois\u00a0\u00bb :\u00a0<a title=\"Le meubl\u00e9 du rez de chauss\u00e9 en d\u00e9tail\" href=\"https:\/\/les-meubles-orbelais.com\/index.php\/les-meubles-a-la-ferme\/le-meuble-du-rez-de-chaussee\/\" target=\"_self\" rel=\"noopener\">d\u00e9couvrir le <strong>meubl\u00e9 du rez-de-chauss\u00e9e<\/strong><\/a>,<\/li>\n<li>Meubl\u00e9 \u00ab\u00a0Le Chevreuil\u00a0\u00bb :\u00a0<a title=\"Le meubl\u00e9 du premier \u00e9tage en d\u00e9tail\" href=\"https:\/\/les-meubles-orbelais.com\/index.php\/les-meubles-a-la-ferme\/le-meuble-du-premier-etage\/\" target=\"_self\" rel=\"noopener\">d\u00e9couvrir le <strong>meubl\u00e9 du premier \u00e9tage<\/strong><\/a><\/li>\n<\/ul>\n<h2><span style=\"font-weight: normal;\">Acc\u00e8s<\/span><\/h2>\n<p><span style=\"font-weight: normal;\"><br \/><iframe loading=\"lazy\" style=\"border: 0;\" src=\"https:\/\/www.google.com\/maps\/embed?pb=!1m18!1m12!1m3!1d15063.876134646518!2d7.136750272065225!3d48.13063723118039!2m3!1f0!2f0!3f0!3m2!1i1024!2i768!4f13.1!3m3!1m2!1s0x4793dfca918d6f6f%3A0x53760616ff924835!2sG%C3%AEte+Les+meubl%C3%A9s+de+la+ferme!5e0!3m2!1sen!2sfr!4v1552764660130\" width=\"600\" height=\"450\" frameborder=\"0\" allowfullscreen=\"allowfullscreen\"><\/iframe><br \/><\/span><\/p>\n<h2><span style=\"font-weight: normal;\">Galerie : panorama des alentours de la ferme<\/span><\/h2>\n\n\n<figure class=\"wp-block-gallery has-nested-images columns-2 is-cropped wp-block-gallery-1 is-layout-flex wp-block-gallery-is-layout-flex\">\n<figure class=\"wp-block-image size-full\"><a href=\"https:\/\/les-meubles-orbelais.com\/wp-content\/uploads\/2023\/12\/La_Beu_1.jpg\" target=\"_blank\" rel=\"noopener\"><img loading=\"lazy\" decoding=\"async\" width=\"1024\" height=\"768\" data-id=\"605\" src=\"https:\/\/les-meubles-orbelais.com\/wp-content\/uploads\/2023\/12\/La_Beu_1.jpg\" alt=\"\" class=\"wp-image-605\" srcset=\"https:\/\/les-meubles-orbelais.com\/wp-content\/uploads\/2023\/12\/La_Beu_1.jpg 1024w, https:\/\/les-meubles-orbelais.com\/wp-content\/uploads\/2023\/12\/La_Beu_1-300x225.jpg 300w, https:\/\/les-meubles-orbelais.com\/wp-content\/uploads\/2023\/12\/La_Beu_1-768x576.jpg 768w\" sizes=\"auto, (max-width: 1024px) 100vw, 1024px\" \/><\/a><\/figure>\n\n\n\n<figure class=\"wp-block-image size-full\"><a href=\"https:\/\/les-meubles-orbelais.com\/wp-content\/uploads\/2023\/12\/La_Beu_3.jpg\" target=\"_blank\" rel=\"noopener\"><img loading=\"lazy\" decoding=\"async\" width=\"400\" height=\"300\" data-id=\"606\" src=\"https:\/\/les-meubles-orbelais.com\/wp-content\/uploads\/2023\/12\/La_Beu_3.jpg\" alt=\"\" class=\"wp-image-606\" srcset=\"https:\/\/les-meubles-orbelais.com\/wp-content\/uploads\/2023\/12\/La_Beu_3.jpg 400w, https:\/\/les-meubles-orbelais.com\/wp-content\/uploads\/2023\/12\/La_Beu_3-300x225.jpg 300w\" sizes=\"auto, (max-width: 400px) 100vw, 400px\" \/><\/a><\/figure>\n\n\n\n<figure class=\"wp-block-image size-full\"><a href=\"https:\/\/les-meubles-orbelais.com\/wp-content\/uploads\/2023\/12\/La_Beu_4.jpg\" target=\"_blank\" rel=\"noopener\"><img loading=\"lazy\" decoding=\"async\" width=\"1024\" height=\"768\" data-id=\"607\" src=\"https:\/\/les-meubles-orbelais.com\/wp-content\/uploads\/2023\/12\/La_Beu_4.jpg\" alt=\"\" class=\"wp-image-607\" srcset=\"https:\/\/les-meubles-orbelais.com\/wp-content\/uploads\/2023\/12\/La_Beu_4.jpg 1024w, https:\/\/les-meubles-orbelais.com\/wp-content\/uploads\/2023\/12\/La_Beu_4-300x225.jpg 300w, https:\/\/les-meubles-orbelais.com\/wp-content\/uploads\/2023\/12\/La_Beu_4-768x576.jpg 768w\" sizes=\"auto, (max-width: 1024px) 100vw, 1024px\" \/><\/a><\/figure>\n\n\n\n<figure class=\"wp-block-image size-full\"><a href=\"https:\/\/les-meubles-orbelais.com\/wp-content\/uploads\/2023\/12\/La_Beu_6.jpg\" target=\"_blank\" rel=\"noopener\"><img loading=\"lazy\" decoding=\"async\" width=\"1024\" height=\"768\" data-id=\"609\" src=\"https:\/\/les-meubles-orbelais.com\/wp-content\/uploads\/2023\/12\/La_Beu_6.jpg\" alt=\"\" class=\"wp-image-609\" srcset=\"https:\/\/les-meubles-orbelais.com\/wp-content\/uploads\/2023\/12\/La_Beu_6.jpg 1024w, https:\/\/les-meubles-orbelais.com\/wp-content\/uploads\/2023\/12\/La_Beu_6-300x225.jpg 300w, https:\/\/les-meubles-orbelais.com\/wp-content\/uploads\/2023\/12\/La_Beu_6-768x576.jpg 768w\" sizes=\"auto, (max-width: 1024px) 100vw, 1024px\" \/><\/a><\/figure>\n\n\n\n<figure class=\"wp-block-image size-full\"><a href=\"https:\/\/les-meubles-orbelais.com\/wp-content\/uploads\/2023\/12\/La_Beu_8.jpg\" target=\"_blank\" rel=\"noopener\"><img loading=\"lazy\" decoding=\"async\" width=\"1024\" height=\"768\" data-id=\"611\" src=\"https:\/\/les-meubles-orbelais.com\/wp-content\/uploads\/2023\/12\/La_Beu_8.jpg\" alt=\"\" class=\"wp-image-611\" srcset=\"https:\/\/les-meubles-orbelais.com\/wp-content\/uploads\/2023\/12\/La_Beu_8.jpg 1024w, https:\/\/les-meubles-orbelais.com\/wp-content\/uploads\/2023\/12\/La_Beu_8-300x225.jpg 300w, https:\/\/les-meubles-orbelais.com\/wp-content\/uploads\/2023\/12\/La_Beu_8-768x576.jpg 768w\" sizes=\"auto, (max-width: 1024px) 100vw, 1024px\" \/><\/a><\/figure>\n\n\n\n<figure class=\"wp-block-image size-full\"><a href=\"https:\/\/les-meubles-orbelais.com\/wp-content\/uploads\/2023\/12\/La_Beu_7.jpg\" target=\"_blank\" rel=\"noopener\"><img loading=\"lazy\" decoding=\"async\" width=\"1024\" height=\"768\" data-id=\"610\" src=\"https:\/\/les-meubles-orbelais.com\/wp-content\/uploads\/2023\/12\/La_Beu_7.jpg\" alt=\"\" class=\"wp-image-610\" srcset=\"https:\/\/les-meubles-orbelais.com\/wp-content\/uploads\/2023\/12\/La_Beu_7.jpg 1024w, https:\/\/les-meubles-orbelais.com\/wp-content\/uploads\/2023\/12\/La_Beu_7-300x225.jpg 300w, https:\/\/les-meubles-orbelais.com\/wp-content\/uploads\/2023\/12\/La_Beu_7-768x576.jpg 768w\" sizes=\"auto, (max-width: 1024px) 100vw, 1024px\" \/><\/a><\/figure>\n<\/figure>\n","protected":false},"excerpt":{"rendered":"<p>Pr\u00e9sentation Meubl\u00e9 \u00ab\u00a0Le Chamois\u00a0\u00bb :\u00a0d\u00e9couvrir le meubl\u00e9 du rez-de-chauss\u00e9e, Meubl\u00e9 \u00ab\u00a0Le Chevreuil\u00a0\u00bb :\u00a0d\u00e9couvrir le meubl\u00e9 du premier \u00e9tage Acc\u00e8s Galerie : panorama des alentours de la ferme<\/p>\n","protected":false},"author":2,"featured_media":0,"parent":0,"menu_order":2,"comment_status":"open","ping_status":"open","template":"","meta":{"footnotes":""},"class_list":["post-11","page","type-page","status-publish","hentry"],"yoast_head":"<!-- This site is optimized with the Yoast SEO plugin v21.9 - https:\/\/yoast.com\/wordpress\/plugins\/seo\/ -->\n<title>Les meubl\u00e9s de la ferme - Les Meubl\u00e9s Orbelais<\/title>\n<meta name=\"robots\" content=\"index, follow, max-snippet:-1, max-image-preview:large, max-video-preview:-1\" \/>\n<link rel=\"canonical\" href=\"https:\/\/les-meubles-orbelais.com\/index.php\/les-meubles-a-la-ferme\/\" \/>\n<meta property=\"og:locale\" content=\"fr_FR\" \/>\n<meta property=\"og:type\" content=\"article\" \/>\n<meta property=\"og:title\" content=\"Les meubl\u00e9s de la ferme - Les Meubl\u00e9s Orbelais\" \/>\n<meta property=\"og:description\" content=\"Pr\u00e9sentation Meubl\u00e9 \u00ab\u00a0Le Chamois\u00a0\u00bb :\u00a0d\u00e9couvrir le meubl\u00e9 du rez-de-chauss\u00e9e, Meubl\u00e9 \u00ab\u00a0Le Chevreuil\u00a0\u00bb :\u00a0d\u00e9couvrir le meubl\u00e9 du premier \u00e9tage Acc\u00e8s Galerie : panorama des alentours de la ferme\" \/>\n<meta property=\"og:url\" content=\"https:\/\/les-meubles-orbelais.com\/index.php\/les-meubles-a-la-ferme\/\" \/>\n<meta property=\"og:site_name\" content=\"Les Meubl\u00e9s Orbelais\" \/>\n<meta property=\"article:modified_time\" content=\"2023-12-12T15:59:23+00:00\" \/>\n<meta property=\"og:image\" content=\"https:\/\/les-meubles-orbelais.com\/wp-content\/uploads\/2023\/12\/La_Beu_1.jpg\" \/>\n<meta name=\"twitter:card\" content=\"summary_large_image\" \/>\n<script type=\"application\/ld+json\" class=\"yoast-schema-graph\">{\"@context\":\"https:\/\/schema.org\",\"@graph\":[{\"@type\":\"WebPage\",\"@id\":\"https:\/\/les-meubles-orbelais.com\/index.php\/les-meubles-a-la-ferme\/\",\"url\":\"https:\/\/les-meubles-orbelais.com\/index.php\/les-meubles-a-la-ferme\/\",\"name\":\"Les meubl\u00e9s de la ferme - Les Meubl\u00e9s Orbelais\",\"isPartOf\":{\"@id\":\"https:\/\/les-meubles-orbelais.com\/#website\"},\"datePublished\":\"2011-02-23T11:04:51+00:00\",\"dateModified\":\"2023-12-12T15:59:23+00:00\",\"breadcrumb\":{\"@id\":\"https:\/\/les-meubles-orbelais.com\/index.php\/les-meubles-a-la-ferme\/#breadcrumb\"},\"inLanguage\":\"fr-FR\",\"potentialAction\":[{\"@type\":\"ReadAction\",\"target\":[\"https:\/\/les-meubles-orbelais.com\/index.php\/les-meubles-a-la-ferme\/\"]}]},{\"@type\":\"BreadcrumbList\",\"@id\":\"https:\/\/les-meubles-orbelais.com\/index.php\/les-meubles-a-la-ferme\/#breadcrumb\",\"itemListElement\":[{\"@type\":\"ListItem\",\"position\":1,\"name\":\"Accueil\",\"item\":\"https:\/\/les-meubles-orbelais.com\/\"},{\"@type\":\"ListItem\",\"position\":2,\"name\":\"Les meubl\u00e9s de la ferme\"}]},{\"@type\":\"WebSite\",\"@id\":\"https:\/\/les-meubles-orbelais.com\/#website\",\"url\":\"https:\/\/les-meubles-orbelais.com\/\",\"name\":\"Les-Meubl\u00e9s-Orbelais\",\"description\":\"Un seul site pour nos trois g\u00eetes orbelais.\",\"potentialAction\":[{\"@type\":\"SearchAction\",\"target\":{\"@type\":\"EntryPoint\",\"urlTemplate\":\"https:\/\/les-meubles-orbelais.com\/?s={search_term_string}\"},\"query-input\":\"required name=search_term_string\"}],\"inLanguage\":\"fr-FR\"}]}<\/script>\n<!-- \/ Yoast SEO plugin. -->","yoast_head_json":{"title":"Les meubl\u00e9s de la ferme - Les Meubl\u00e9s Orbelais","robots":{"index":"index","follow":"follow","max-snippet":"max-snippet:-1","max-image-preview":"max-image-preview:large","max-video-preview":"max-video-preview:-1"},"canonical":"https:\/\/les-meubles-orbelais.com\/index.php\/les-meubles-a-la-ferme\/","og_locale":"fr_FR","og_type":"article","og_title":"Les meubl\u00e9s de la ferme - Les Meubl\u00e9s Orbelais","og_description":"Pr\u00e9sentation Meubl\u00e9 \u00ab\u00a0Le Chamois\u00a0\u00bb :\u00a0d\u00e9couvrir le meubl\u00e9 du rez-de-chauss\u00e9e, Meubl\u00e9 \u00ab\u00a0Le Chevreuil\u00a0\u00bb :\u00a0d\u00e9couvrir le meubl\u00e9 du premier \u00e9tage Acc\u00e8s Galerie : panorama des alentours de la ferme","og_url":"https:\/\/les-meubles-orbelais.com\/index.php\/les-meubles-a-la-ferme\/","og_site_name":"Les Meubl\u00e9s Orbelais","article_modified_time":"2023-12-12T15:59:23+00:00","og_image":[{"url":"https:\/\/les-meubles-orbelais.com\/wp-content\/uploads\/2023\/12\/La_Beu_1.jpg"}],"twitter_card":"summary_large_image","schema":{"@context":"https:\/\/schema.org","@graph":[{"@type":"WebPage","@id":"https:\/\/les-meubles-orbelais.com\/index.php\/les-meubles-a-la-ferme\/","url":"https:\/\/les-meubles-orbelais.com\/index.php\/les-meubles-a-la-ferme\/","name":"Les meubl\u00e9s de la ferme - Les Meubl\u00e9s Orbelais","isPartOf":{"@id":"https:\/\/les-meubles-orbelais.com\/#website"},"datePublished":"2011-02-23T11:04:51+00:00","dateModified":"2023-12-12T15:59:23+00:00","breadcrumb":{"@id":"https:\/\/les-meubles-orbelais.com\/index.php\/les-meubles-a-la-ferme\/#breadcrumb"},"inLanguage":"fr-FR","potentialAction":[{"@type":"ReadAction","target":["https:\/\/les-meubles-orbelais.com\/index.php\/les-meubles-a-la-ferme\/"]}]},{"@type":"BreadcrumbList","@id":"https:\/\/les-meubles-orbelais.com\/index.php\/les-meubles-a-la-ferme\/#breadcrumb","itemListElement":[{"@type":"ListItem","position":1,"name":"Accueil","item":"https:\/\/les-meubles-orbelais.com\/"},{"@type":"ListItem","position":2,"name":"Les meubl\u00e9s de la ferme"}]},{"@type":"WebSite","@id":"https:\/\/les-meubles-orbelais.com\/#website","url":"https:\/\/les-meubles-orbelais.com\/","name":"Les-Meubl\u00e9s-Orbelais","description":"Un seul site pour nos trois g\u00eetes orbelais.","potentialAction":[{"@type":"SearchAction","target":{"@type":"EntryPoint","urlTemplate":"https:\/\/les-meubles-orbelais.com\/?s={search_term_string}"},"query-input":"required name=search_term_string"}],"inLanguage":"fr-FR"}]}},"_links":{"self":[{"href":"https:\/\/les-meubles-orbelais.com\/index.php\/wp-json\/wp\/v2\/pages\/11","targetHints":{"allow":["GET"]}}],"collection":[{"href":"https:\/\/les-meubles-orbelais.com\/index.php\/wp-json\/wp\/v2\/pages"}],"about":[{"href":"https:\/\/les-meubles-orbelais.com\/index.php\/wp-json\/wp\/v2\/types\/page"}],"author":[{"embeddable":true,"href":"https:\/\/les-meubles-orbelais.com\/index.php\/wp-json\/wp\/v2\/users\/2"}],"replies":[{"embeddable":true,"href":"https:\/\/les-meubles-orbelais.com\/index.php\/wp-json\/wp\/v2\/comments?post=11"}],"version-history":[{"count":4,"href":"https:\/\/les-meubles-orbelais.com\/index.php\/wp-json\/wp\/v2\/pages\/11\/revisions"}],"predecessor-version":[{"id":692,"href":"https:\/\/les-meubles-orbelais.com\/index.php\/wp-json\/wp\/v2\/pages\/11\/revisions\/692"}],"wp:attachment":[{"href":"https:\/\/les-meubles-orbelais.com\/index.php\/wp-json\/wp\/v2\/media?parent=11"}],"curies":[{"name":"wp","href":"https:\/\/api.w.org\/{rel}","templated":true}]}}